{"id":1566,"date":"2020-05-13T14:21:59","date_gmt":"2020-05-13T13:21:59","guid":{"rendered":"https:\/\/bizonbeer.com\/?page_id=1566"},"modified":"2020-05-13T14:39:54","modified_gmt":"2020-05-13T13:39:54","slug":"ueber-bizon","status":"publish","type":"page","link":"https:\/\/bizonbeer.com\/de\/ueber-bizon\/","title":{"rendered":"\u00dcber Bizon"},"content":{"rendered":"\t\t<div data-elementor-type=\"wp-page\" data-elementor-id=\"1566\" class=\"elementor elementor-1566 elementor-623\">\n\t\t\t\t\t\t<section class=\"elementor-section elementor-top-section elementor-element elementor-element-55efb4da elementor-section-height-min-height elementor-section-boxed elementor-section-height-default elementor-section-items-middle\" data-id=\"55efb4da\" data-element_type=\"section\" data-e-type=\"section\" data-settings=\"{&quot;background_background&quot;:&quot;classic&quot;}\">\n\t\t\t\t\t\t<div class=\"elementor-container elementor-column-gap-default\">\n\t\t\t\t\t<div class=\"elementor-column elementor-col-33 elementor-top-column elementor-element elementor-element-4be8ab82\" data-id=\"4be8ab82\" data-element_type=\"column\" data-e-type=\"column\">\n\t\t\t<div class=\"elementor-widget-wrap\">\n\t\t\t\t\t\t\t<\/div>\n\t\t<\/div>\n\t\t\t\t<div class=\"elementor-column elementor-col-33 elementor-top-column elementor-element elementor-element-0185ab8\" data-id=\"0185ab8\" data-element_type=\"column\" data-e-type=\"column\">\n\t\t\t<div class=\"elementor-widget-wrap\">\n\t\t\t\t\t\t\t<\/div>\n\t\t<\/div>\n\t\t\t\t<div class=\"elementor-column elementor-col-33 elementor-top-column elementor-element elementor-element-38d462e\" data-id=\"38d462e\" data-element_type=\"column\" data-e-type=\"column\">\n\t\t\t<div class=\"elementor-widget-wrap\">\n\t\t\t\t\t\t\t<\/div>\n\t\t<\/div>\n\t\t\t\t\t<\/div>\n\t\t<\/section>\n\t\t\t\t<section class=\"elementor-section elementor-top-section elementor-element elementor-element-2503afcf elementor-section-full_width elementor-section-height-default elementor-section-height-default\" data-id=\"2503afcf\" data-element_type=\"section\" data-e-type=\"section\" data-settings=\"{&quot;background_background&quot;:&quot;classic&quot;}\">\n\t\t\t\t\t\t<div class=\"elementor-container elementor-column-gap-default\">\n\t\t\t\t\t<div class=\"elementor-column elementor-col-33 elementor-top-column elementor-element elementor-element-7d340646\" data-id=\"7d340646\" data-element_type=\"column\" data-e-type=\"column\">\n\t\t\t<div class=\"elementor-widget-wrap elementor-element-populated\">\n\t\t\t\t\t\t<div class=\"elementor-element elementor-element-7f5e9ae7 elementor-widget elementor-widget-image\" data-id=\"7f5e9ae7\" data-element_type=\"widget\" data-e-type=\"widget\" data-widget_type=\"image.default\">\n\t\t\t\t<div class=\"elementor-widget-container\">\n\t\t\t\t\t\t\t\t\t\t\t\t\t\t\t\t<a href=\"https:\/\/bizonbeer.com\/wp-content\/uploads\/2020\/04\/contact-us-banner.jpg\" data-elementor-open-lightbox=\"yes\" data-elementor-lightbox-title=\"contact us-banner\" data-e-action-hash=\"#elementor-action%3Aaction%3Dlightbox%26settings%3DeyJpZCI6MTkyMCwidXJsIjoiaHR0cHM6XC9cL2Jpem9uYmVlci5jb21cL3dwLWNvbnRlbnRcL3VwbG9hZHNcLzIwMjBcLzA0XC9jb250YWN0LXVzLWJhbm5lci5qcGcifQ%3D%3D\">\n\t\t\t\t\t\t\t<img fetchpriority=\"high\" decoding=\"async\" width=\"1650\" height=\"765\" src=\"https:\/\/bizonbeer.com\/wp-content\/uploads\/2020\/04\/contact-us-banner.jpg\" class=\"attachment-full size-full wp-image-1920\" alt=\"\" srcset=\"https:\/\/bizonbeer.com\/wp-content\/uploads\/2020\/04\/contact-us-banner.jpg 1650w, https:\/\/bizonbeer.com\/wp-content\/uploads\/2020\/04\/contact-us-banner-300x139.jpg 300w, https:\/\/bizonbeer.com\/wp-content\/uploads\/2020\/04\/contact-us-banner-1024x475.jpg 1024w, https:\/\/bizonbeer.com\/wp-content\/uploads\/2020\/04\/contact-us-banner-768x356.jpg 768w, https:\/\/bizonbeer.com\/wp-content\/uploads\/2020\/04\/contact-us-banner-1536x712.jpg 1536w\" sizes=\"(max-width: 1650px) 100vw, 1650px\" \/>\t\t\t\t\t\t\t\t<\/a>\n\t\t\t\t\t\t\t\t\t\t\t\t\t\t\t<\/div>\n\t\t\t\t<\/div>\n\t\t\t\t\t<\/div>\n\t\t<\/div>\n\t\t\t\t<div class=\"elementor-column elementor-col-33 elementor-top-column elementor-element elementor-element-1601232a\" data-id=\"1601232a\" data-element_type=\"column\" data-e-type=\"column\">\n\t\t\t<div class=\"elementor-widget-wrap elementor-element-populated\">\n\t\t\t\t\t\t<div class=\"elementor-element elementor-element-9ba0ab3 elementor-hidden-tablet elementor-hidden-phone elementor-widget elementor-widget-text-editor\" data-id=\"9ba0ab3\" data-element_type=\"widget\" data-e-type=\"widget\" data-widget_type=\"text-editor.default\">\n\t\t\t\t<div class=\"elementor-widget-container\">\n\t\t\t\t\t\t\t\t\t<p>Ratschl\u00e4ge von einem Westheimer Bizon:<br \/>Stehen Sie Ihren Mann. Haben Sie eine harte Schale.<br \/>Streifen Sie wild und frei umher. Haben Sie einen starken Geist.<br \/>Und l\u00f6schen Sie Ihren Durst, wo immer Sie sind<br \/>bevor Sie weitergaloppieren&#8230;<\/p>\t\t\t\t\t\t\t\t<\/div>\n\t\t\t\t<\/div>\n\t\t\t\t<div class=\"elementor-element elementor-element-7d72847 elementor-hidden-desktop elementor-widget elementor-widget-text-editor\" data-id=\"7d72847\" data-element_type=\"widget\" data-e-type=\"widget\" data-widget_type=\"text-editor.default\">\n\t\t\t\t<div class=\"elementor-widget-container\">\n\t\t\t\t\t\t\t\t\t<p>Ratschl\u00e4ge von einem Westheimer Bizon: Stehen Sie Ihren Mann. Haben Sie eine harte Schale.<br \/>Streifen Sie wild und frei umher. Haben Sie einen starken Geist. Und l\u00f6schen Sie Ihren Durst, wo immer Sie sind bevor Sie weitergaloppieren&#8230;<\/p>\t\t\t\t\t\t\t\t<\/div>\n\t\t\t\t<\/div>\n\t\t\t\t\t<\/div>\n\t\t<\/div>\n\t\t\t\t<div class=\"elementor-column elementor-col-33 elementor-top-column elementor-element elementor-element-5f8bbf2c\" data-id=\"5f8bbf2c\" data-element_type=\"column\" data-e-type=\"column\">\n\t\t\t<div class=\"elementor-widget-wrap\">\n\t\t\t\t\t\t\t<\/div>\n\t\t<\/div>\n\t\t\t\t\t<\/div>\n\t\t<\/section>\n\t\t\t\t<section class=\"elementor-section elementor-top-section elementor-element elementor-element-171a589 elementor-section-height-min-height elementor-section-full_width elementor-reverse-tablet elementor-reverse-mobile elementor-section-height-default elementor-section-items-middle\" data-id=\"171a589\" data-element_type=\"section\" data-e-type=\"section\" data-settings=\"{&quot;background_background&quot;:&quot;classic&quot;}\">\n\t\t\t\t\t\t<div class=\"elementor-container elementor-column-gap-default\">\n\t\t\t\t\t<div class=\"elementor-column elementor-col-33 elementor-top-column elementor-element elementor-element-cbbb129\" data-id=\"cbbb129\" data-element_type=\"column\" data-e-type=\"column\">\n\t\t\t<div class=\"elementor-widget-wrap\">\n\t\t\t\t\t\t\t<\/div>\n\t\t<\/div>\n\t\t\t\t<div class=\"elementor-column elementor-col-33 elementor-top-column elementor-element elementor-element-756dadf\" data-id=\"756dadf\" data-element_type=\"column\" data-e-type=\"column\">\n\t\t\t<div class=\"elementor-widget-wrap elementor-element-populated\">\n\t\t\t\t\t\t<div class=\"elementor-element elementor-element-d97d6f6 elementor-hidden-tablet elementor-hidden-phone elementor-widget elementor-widget-text-editor\" data-id=\"d97d6f6\" data-element_type=\"widget\" data-e-type=\"widget\" data-widget_type=\"text-editor.default\">\n\t\t\t\t<div class=\"elementor-widget-container\">\n\t\t\t\t\t\t\t\t\t<p>Die vollst\u00e4ndige Geschichte der Bizon Brauerei, die auch heute noch in Familienbesitz ist, kann zur\u00fcckverfolgt werden zur\u00fcck bis ins Jahr 1840. Aber auch in den Jahrhunderten davor benutzten die Bierhandwerker dieselbe Wasserquelle und die gleichen Gersten und Hopfen aus die umliegenden Felder.<\/p>\t\t\t\t\t\t\t\t<\/div>\n\t\t\t\t<\/div>\n\t\t\t\t<div class=\"elementor-element elementor-element-b308b28 elementor-hidden-desktop elementor-widget elementor-widget-text-editor\" data-id=\"b308b28\" data-element_type=\"widget\" data-e-type=\"widget\" data-widget_type=\"text-editor.default\">\n\t\t\t\t<div class=\"elementor-widget-container\">\n\t\t\t\t\t\t\t\t\t<p style=\"text-align: center;\">Die vollst\u00e4ndige Geschichte der Bizon Brauerei, die auch heute noch in Familienbesitz ist, kann zur\u00fcckverfolgt werden zur\u00fcck bis ins Jahr 1840. Aber auch in den Jahrhunderten davor benutzten die Bierhandwerker dieselbe Wasserquelle und die gleichen Gersten und Hopfen aus die umliegenden Felder.<\/p>\t\t\t\t\t\t\t\t<\/div>\n\t\t\t\t<\/div>\n\t\t\t\t\t<\/div>\n\t\t<\/div>\n\t\t\t\t<div class=\"elementor-column elementor-col-33 elementor-top-column elementor-element elementor-element-1da3435\" data-id=\"1da3435\" data-element_type=\"column\" data-e-type=\"column\">\n\t\t\t<div class=\"elementor-widget-wrap elementor-element-populated\">\n\t\t\t\t\t\t<div class=\"elementor-element elementor-element-bdf8d52 elementor-widget elementor-widget-image\" data-id=\"bdf8d52\" data-element_type=\"widget\" data-e-type=\"widget\" data-widget_type=\"image.default\">\n\t\t\t\t<div class=\"elementor-widget-container\">\n\t\t\t\t\t\t\t\t\t\t\t\t\t\t\t\t<a href=\"https:\/\/bizonbeer.com\/wp-content\/uploads\/2020\/04\/motor.png\" data-elementor-open-lightbox=\"yes\" data-elementor-lightbox-title=\"motor\" data-e-action-hash=\"#elementor-action%3Aaction%3Dlightbox%26settings%3DeyJpZCI6MTU3MiwidXJsIjoiaHR0cHM6XC9cL2Jpem9uYmVlci5jb21cL3dwLWNvbnRlbnRcL3VwbG9hZHNcLzIwMjBcLzA0XC9tb3Rvci5wbmcifQ%3D%3D\">\n\t\t\t\t\t\t\t<img decoding=\"async\" width=\"787\" height=\"474\" src=\"https:\/\/bizonbeer.com\/wp-content\/uploads\/2020\/04\/motor.png\" class=\"attachment-full size-full wp-image-1572\" alt=\"\" srcset=\"https:\/\/bizonbeer.com\/wp-content\/uploads\/2020\/04\/motor.png 787w, https:\/\/bizonbeer.com\/wp-content\/uploads\/2020\/04\/motor-300x181.png 300w, https:\/\/bizonbeer.com\/wp-content\/uploads\/2020\/04\/motor-768x463.png 768w, https:\/\/bizonbeer.com\/wp-content\/uploads\/2020\/04\/motor-200x120.png 200w\" sizes=\"(max-width: 787px) 100vw, 787px\" \/>\t\t\t\t\t\t\t\t<\/a>\n\t\t\t\t\t\t\t\t\t\t\t\t\t\t\t<\/div>\n\t\t\t\t<\/div>\n\t\t\t\t\t<\/div>\n\t\t<\/div>\n\t\t\t\t\t<\/div>\n\t\t<\/section>\n\t\t\t\t<section class=\"elementor-section elementor-top-section elementor-element elementor-element-d78222e elementor-section-height-min-height elementor-section-full_width elementor-section-height-default elementor-section-items-middle\" data-id=\"d78222e\" data-element_type=\"section\" data-e-type=\"section\" data-settings=\"{&quot;background_background&quot;:&quot;classic&quot;}\">\n\t\t\t\t\t\t<div class=\"elementor-container elementor-column-gap-default\">\n\t\t\t\t\t<div class=\"elementor-column elementor-col-33 elementor-top-column elementor-element elementor-element-3392d54\" data-id=\"3392d54\" data-element_type=\"column\" data-e-type=\"column\">\n\t\t\t<div class=\"elementor-widget-wrap elementor-element-populated\">\n\t\t\t\t\t\t<div class=\"elementor-element elementor-element-eea770d elementor-widget elementor-widget-image\" data-id=\"eea770d\" data-element_type=\"widget\" data-e-type=\"widget\" data-widget_type=\"image.default\">\n\t\t\t\t<div class=\"elementor-widget-container\">\n\t\t\t\t\t\t\t\t\t\t\t\t\t\t\t\t<a href=\"https:\/\/bizonbeer.com\/wp-content\/uploads\/2020\/04\/About-Bizon-Fuse-into-1-Image-4-folded.jpg\" data-elementor-open-lightbox=\"yes\" data-elementor-lightbox-title=\"About Bizon Fuse into 1 Image 4 folded\" data-e-action-hash=\"#elementor-action%3Aaction%3Dlightbox%26settings%3DeyJpZCI6MTkxNiwidXJsIjoiaHR0cHM6XC9cL2Jpem9uYmVlci5jb21cL3dwLWNvbnRlbnRcL3VwbG9hZHNcLzIwMjBcLzA0XC9BYm91dC1CaXpvbi1GdXNlLWludG8tMS1JbWFnZS00LWZvbGRlZC5qcGcifQ%3D%3D\">\n\t\t\t\t\t\t\t<img decoding=\"async\" width=\"805\" height=\"430\" src=\"https:\/\/bizonbeer.com\/wp-content\/uploads\/2020\/04\/About-Bizon-Fuse-into-1-Image-4-folded.jpg\" class=\"attachment-full size-full wp-image-1916\" alt=\"\" srcset=\"https:\/\/bizonbeer.com\/wp-content\/uploads\/2020\/04\/About-Bizon-Fuse-into-1-Image-4-folded.jpg 805w, https:\/\/bizonbeer.com\/wp-content\/uploads\/2020\/04\/About-Bizon-Fuse-into-1-Image-4-folded-300x160.jpg 300w, https:\/\/bizonbeer.com\/wp-content\/uploads\/2020\/04\/About-Bizon-Fuse-into-1-Image-4-folded-768x410.jpg 768w\" sizes=\"(max-width: 805px) 100vw, 805px\" \/>\t\t\t\t\t\t\t\t<\/a>\n\t\t\t\t\t\t\t\t\t\t\t\t\t\t\t<\/div>\n\t\t\t\t<\/div>\n\t\t\t\t\t<\/div>\n\t\t<\/div>\n\t\t\t\t<div class=\"elementor-column elementor-col-33 elementor-top-column elementor-element elementor-element-59b5e87\" data-id=\"59b5e87\" data-element_type=\"column\" data-e-type=\"column\">\n\t\t\t<div class=\"elementor-widget-wrap elementor-element-populated\">\n\t\t\t\t\t\t<div class=\"elementor-element elementor-element-f3f46f7 elementor-widget elementor-widget-text-editor\" data-id=\"f3f46f7\" data-element_type=\"widget\" data-e-type=\"widget\" data-widget_type=\"text-editor.default\">\n\t\t\t\t<div class=\"elementor-widget-container\">\n\t\t\t\t\t\t\t\t\t<p style=\"text-align: center;\">Wir \u00fcbertreiben also nicht, wenn wir sagen, dass es die Erfahrung und das Wissen aus mehreren Jahrhunderten Brauereiwesen ist, das von Generation zu Generation bis in die Gegenwart weitergegeben wurde.<\/p>\t\t\t\t\t\t\t\t<\/div>\n\t\t\t\t<\/div>\n\t\t\t\t<div class=\"elementor-element elementor-element-a91919f elementor-widget elementor-widget-text-editor\" data-id=\"a91919f\" data-element_type=\"widget\" data-e-type=\"widget\" data-widget_type=\"text-editor.default\">\n\t\t\t\t<div class=\"elementor-widget-container\">\n\t\t\t\t\t\t\t\t\t<p style=\"text-align: center;\">Die &#8222;moderne&#8220; Brautradition in Westheim begann vielleicht tats\u00e4chlich 1840, als der junge Braumeister Mergel dem Landesbesitzer Graf Joseph zu Stolberg-Stolberg seine Pl\u00e4ne f\u00fcr ein Unternehmen erl\u00e4uterte. Doch seither ist jede neue F\u00fchrungspers\u00f6nlichkeit nur ein weiterer Fackeltr\u00e4ger in der Reihe.<\/p>\t\t\t\t\t\t\t\t<\/div>\n\t\t\t\t<\/div>\n\t\t\t\t\t<\/div>\n\t\t<\/div>\n\t\t\t\t<div class=\"elementor-column elementor-col-33 elementor-top-column elementor-element elementor-element-3bbb3a0\" data-id=\"3bbb3a0\" data-element_type=\"column\" data-e-type=\"column\">\n\t\t\t<div class=\"elementor-widget-wrap\">\n\t\t\t\t\t\t\t<\/div>\n\t\t<\/div>\n\t\t\t\t\t<\/div>\n\t\t<\/section>\n\t\t\t\t<section class=\"elementor-section elementor-top-section elementor-element elementor-element-07762be elementor-section-height-min-height elementor-section-full_width elementor-reverse-tablet elementor-reverse-mobile elementor-section-height-default elementor-section-items-middle\" data-id=\"07762be\" data-element_type=\"section\" data-e-type=\"section\" data-settings=\"{&quot;background_background&quot;:&quot;classic&quot;}\">\n\t\t\t\t\t\t<div class=\"elementor-container elementor-column-gap-default\">\n\t\t\t\t\t<div class=\"elementor-column elementor-col-33 elementor-top-column elementor-element elementor-element-b731002\" data-id=\"b731002\" data-element_type=\"column\" data-e-type=\"column\">\n\t\t\t<div class=\"elementor-widget-wrap\">\n\t\t\t\t\t\t\t<\/div>\n\t\t<\/div>\n\t\t\t\t<div class=\"elementor-column elementor-col-33 elementor-top-column elementor-element elementor-element-63da21e\" data-id=\"63da21e\" data-element_type=\"column\" data-e-type=\"column\">\n\t\t\t<div class=\"elementor-widget-wrap elementor-element-populated\">\n\t\t\t\t\t\t<div class=\"elementor-element elementor-element-9df0609 elementor-widget elementor-widget-text-editor\" data-id=\"9df0609\" data-element_type=\"widget\" data-e-type=\"widget\" data-widget_type=\"text-editor.default\">\n\t\t\t\t<div class=\"elementor-widget-container\">\n\t\t\t\t\t\t\t\t\t&#8222;Moderne&#8220; Brautradition und wer es heute f\u00fchrt, muss verstehen, dass die Geschichte die gleiche geblieben ist; wir brauen es zusammen mit vielen leidenschaftlichen Handwerkern und wir brauen es nach den h\u00f6chsten Standards der Nachhaltigkeit und Reinheit und nach dem Reinheitsgebot. Wir brauen es zu Ehren der Ernte und zu Ehren des Landes. in Westheim begann vielleicht tats\u00e4chlich im Jahr 1840, als der junge Braumeister Mergel dem Gutsbesitzer Graf Joseph zu Stolberg-Stolberg seine Pl\u00e4ne f\u00fcr ein Unternehmen erl\u00e4uterte. Doch seitdem ist jeder neue Leiter nur ein weiterer Fackeltr\u00e4ger in der Reihe.\t\t\t\t\t\t\t\t<\/div>\n\t\t\t\t<\/div>\n\t\t\t\t<div class=\"elementor-element elementor-element-200b2f9 elementor-widget elementor-widget-text-editor\" data-id=\"200b2f9\" data-element_type=\"widget\" data-e-type=\"widget\" data-widget_type=\"text-editor.default\">\n\t\t\t\t<div class=\"elementor-widget-container\">\n\t\t\t\t\t\t\t\t\t<p>Wein, so sagt man, wird von Gott gemacht, aber wir wissen: Bier wird vom Menschen gemacht<\/p>\t\t\t\t\t\t\t\t<\/div>\n\t\t\t\t<\/div>\n\t\t\t\t\t<\/div>\n\t\t<\/div>\n\t\t\t\t<div class=\"elementor-column elementor-col-33 elementor-top-column elementor-element elementor-element-081bcc2\" data-id=\"081bcc2\" data-element_type=\"column\" data-e-type=\"column\">\n\t\t\t<div class=\"elementor-widget-wrap elementor-element-populated\">\n\t\t\t\t\t\t<div class=\"elementor-element elementor-element-b076e7d elementor-widget elementor-widget-image\" data-id=\"b076e7d\" data-element_type=\"widget\" data-e-type=\"widget\" data-widget_type=\"image.default\">\n\t\t\t\t<div class=\"elementor-widget-container\">\n\t\t\t\t\t\t\t\t\t\t\t\t\t\t\t\t<a href=\"https:\/\/bizonbeer.com\/wp-content\/uploads\/2020\/04\/About-Bizon-Nature-Image.jpg\" data-elementor-open-lightbox=\"yes\" data-elementor-lightbox-title=\"About Bizon Nature Image\" data-e-action-hash=\"#elementor-action%3Aaction%3Dlightbox%26settings%3DeyJpZCI6MTkxNywidXJsIjoiaHR0cHM6XC9cL2Jpem9uYmVlci5jb21cL3dwLWNvbnRlbnRcL3VwbG9hZHNcLzIwMjBcLzA0XC9BYm91dC1CaXpvbi1OYXR1cmUtSW1hZ2UuanBnIn0%3D\">\n\t\t\t\t\t\t\t<img loading=\"lazy\" decoding=\"async\" width=\"821\" height=\"470\" src=\"https:\/\/bizonbeer.com\/wp-content\/uploads\/2020\/04\/About-Bizon-Nature-Image.jpg\" class=\"attachment-full size-full wp-image-1917\" alt=\"\" srcset=\"https:\/\/bizonbeer.com\/wp-content\/uploads\/2020\/04\/About-Bizon-Nature-Image.jpg 821w, https:\/\/bizonbeer.com\/wp-content\/uploads\/2020\/04\/About-Bizon-Nature-Image-300x172.jpg 300w, https:\/\/bizonbeer.com\/wp-content\/uploads\/2020\/04\/About-Bizon-Nature-Image-768x440.jpg 768w\" sizes=\"(max-width: 821px) 100vw, 821px\" \/>\t\t\t\t\t\t\t\t<\/a>\n\t\t\t\t\t\t\t\t\t\t\t\t\t\t\t<\/div>\n\t\t\t\t<\/div>\n\t\t\t\t\t<\/div>\n\t\t<\/div>\n\t\t\t\t\t<\/div>\n\t\t<\/section>\n\t\t\t\t<\/div>\n\t\t","protected":false},"excerpt":{"rendered":"<p>Ratschl\u00e4ge von einem Westheimer Bizon: Stehen Sie Ihren Mann. Haben Sie eine harte Schale. Streifen Sie wild und frei umher. Haben Sie einen starken Geist. Und l\u00f6schen Sie Ihren Durst, wo immer Sie sind bevor Sie weitergaloppieren&#8230; Ratschl\u00e4ge von einem Westheimer Bizon: Stehen Sie Ihren Mann. Haben Sie eine harte Schale. Streifen Sie wild und [&hellip;]<\/p>\n","protected":false},"author":3,"featured_media":0,"parent":0,"menu_order":0,"comment_status":"closed","ping_status":"closed","template":"elementor_header_footer","meta":{"ocean_post_layout":"","ocean_both_sidebars_style":"","ocean_both_sidebars_content_width":0,"ocean_both_sidebars_sidebars_width":0,"ocean_sidebar":"0","ocean_second_sidebar":"0","ocean_disable_margins":"enable","ocean_add_body_class":"","ocean_shortcode_before_top_bar":"","ocean_shortcode_after_top_bar":"","ocean_shortcode_before_header":"","ocean_shortcode_after_header":"","ocean_has_shortcode":"","ocean_shortcode_after_title":"","ocean_shortcode_before_footer_widgets":"","ocean_shortcode_after_footer_widgets":"","ocean_shortcode_before_footer_bottom":"","ocean_shortcode_after_footer_bottom":"","ocean_display_top_bar":"default","ocean_display_header":"default","ocean_header_style":"","ocean_center_header_left_menu":"0","ocean_custom_header_template":"0","ocean_custom_logo":0,"ocean_custom_retina_logo":0,"ocean_custom_logo_max_width":0,"ocean_custom_logo_tablet_max_width":0,"ocean_custom_logo_mobile_max_width":0,"ocean_custom_logo_max_height":0,"ocean_custom_logo_tablet_max_height":0,"ocean_custom_logo_mobile_max_height":0,"ocean_header_custom_menu":"0","ocean_menu_typo_font_family":"0","ocean_menu_typo_font_subset":"","ocean_menu_typo_font_size":0,"ocean_menu_typo_font_size_tablet":0,"ocean_menu_typo_font_size_mobile":0,"ocean_menu_typo_font_size_unit":"px","ocean_menu_typo_font_weight":"","ocean_menu_typo_font_weight_tablet":"","ocean_menu_typo_font_weight_mobile":"","ocean_menu_typo_transform":"","ocean_menu_typo_transform_tablet":"","ocean_menu_typo_transform_mobile":"","ocean_menu_typo_line_height":0,"ocean_menu_typo_line_height_tablet":0,"ocean_menu_typo_line_height_mobile":0,"ocean_menu_typo_line_height_unit":"","ocean_menu_typo_spacing":0,"ocean_menu_typo_spacing_tablet":0,"ocean_menu_typo_spacing_mobile":0,"ocean_menu_typo_spacing_unit":"","ocean_menu_link_color":"","ocean_menu_link_color_hover":"","ocean_menu_link_color_active":"","ocean_menu_link_background":"","ocean_menu_link_hover_background":"","ocean_menu_link_active_background":"","ocean_menu_social_links_bg":"","ocean_menu_social_hover_links_bg":"","ocean_menu_social_links_color":"","ocean_menu_social_hover_links_color":"","ocean_disable_title":"on","ocean_disable_heading":"default","ocean_post_title":"","ocean_post_subheading":"","ocean_post_title_style":"","ocean_post_title_background_color":"","ocean_post_title_background":0,"ocean_post_title_bg_image_position":"","ocean_post_title_bg_image_attachment":"","ocean_post_title_bg_image_repeat":"","ocean_post_title_bg_image_size":"","ocean_post_title_height":0,"ocean_post_title_bg_overlay":0.5,"ocean_post_title_bg_overlay_color":"","ocean_disable_breadcrumbs":"off","ocean_breadcrumbs_color":"","ocean_breadcrumbs_separator_color":"","ocean_breadcrumbs_links_color":"","ocean_breadcrumbs_links_hover_color":"","ocean_display_footer_widgets":"default","ocean_display_footer_bottom":"default","ocean_custom_footer_template":"0","footnotes":""},"class_list":["post-1566","page","type-page","status-publish","hentry","entry"],"_links":{"self":[{"href":"https:\/\/bizonbeer.com\/de\/wp-json\/wp\/v2\/pages\/1566","targetHints":{"allow":["GET"]}}],"collection":[{"href":"https:\/\/bizonbeer.com\/de\/wp-json\/wp\/v2\/pages"}],"about":[{"href":"https:\/\/bizonbeer.com\/de\/wp-json\/wp\/v2\/types\/page"}],"author":[{"embeddable":true,"href":"https:\/\/bizonbeer.com\/de\/wp-json\/wp\/v2\/users\/3"}],"replies":[{"embeddable":true,"href":"https:\/\/bizonbeer.com\/de\/wp-json\/wp\/v2\/comments?post=1566"}],"version-history":[{"count":6,"href":"https:\/\/bizonbeer.com\/de\/wp-json\/wp\/v2\/pages\/1566\/revisions"}],"predecessor-version":[{"id":1588,"href":"https:\/\/bizonbeer.com\/de\/wp-json\/wp\/v2\/pages\/1566\/revisions\/1588"}],"wp:attachment":[{"href":"https:\/\/bizonbeer.com\/de\/wp-json\/wp\/v2\/media?parent=1566"}],"curies":[{"name":"wp","href":"https:\/\/api.w.org\/{rel}","templated":true}]}}